{"id":7,"date":"2024-11-13T10:45:29","date_gmt":"2024-11-13T10:45:29","guid":{"rendered":"http:\/\/ambitious-mariospinellid90334bdf7.wordpress.com\/?page_id=1"},"modified":"2024-11-13T10:45:29","modified_gmt":"2024-11-13T10:45:29","slug":"info","status":"publish","type":"page","link":"https:\/\/wp.almanacco.me\/?page_id=7","title":{"rendered":"Informazioni"},"content":{"rendered":"\n<p>Almanacco.me \u00e8 come un quaderno di appunti. Questo blog cattura frammenti di sapere e storie, spaziando dalla cultura alle curiosit\u00e0 quotidiane. Ogni pagina \u00e8 pensata per incuriosire, arricchire o semplicemente intrattenere.<\/p>\n\n\n\n<p><\/p>\n","protected":false},"excerpt":{"rendered":"<p>Almanacco.me \u00e8 come un quaderno di appunti. Questo blog cattura frammenti di sapere e storie, spaziando dalla cultura alle curiosit\u00e0 quotidiane. Ogni pagina \u00e8 pensata per incuriosire, arricchire o semplicemente intrattenere.<\/p>\n","protected":false},"author":1,"featured_media":0,"parent":0,"menu_order":0,"comment_status":"closed","ping_status":"open","template":"","meta":{"footnotes":""},"class_list":["post-7","page","type-page","status-publish","hentry"],"_links":{"self":[{"href":"https:\/\/wp.almanacco.me\/index.php?rest_route=\/wp\/v2\/pages\/7","targetHints":{"allow":["GET"]}}],"collection":[{"href":"https:\/\/wp.almanacco.me\/index.php?rest_route=\/wp\/v2\/pages"}],"about":[{"href":"https:\/\/wp.almanacco.me\/index.php?rest_route=\/wp\/v2\/types\/page"}],"author":[{"embeddable":true,"href":"https:\/\/wp.almanacco.me\/index.php?rest_route=\/wp\/v2\/users\/1"}],"replies":[{"embeddable":true,"href":"https:\/\/wp.almanacco.me\/index.php?rest_route=%2Fwp%2Fv2%2Fcomments&post=7"}],"version-history":[{"count":0,"href":"https:\/\/wp.almanacco.me\/index.php?rest_route=\/wp\/v2\/pages\/7\/revisions"}],"wp:attachment":[{"href":"https:\/\/wp.almanacco.me\/index.php?rest_route=%2Fwp%2Fv2%2Fmedia&parent=7"}],"curies":[{"name":"wp","href":"https:\/\/api.w.org\/{rel}","templated":true}]}}